{"id":813,"date":"2019-11-27T06:46:32","date_gmt":"2019-11-27T05:46:32","guid":{"rendered":"https:\/\/www.lelekka.eu\/produkt\/lelekka-duo-phase-1-babykissen-en\/"},"modified":"2019-11-27T06:46:32","modified_gmt":"2019-11-27T05:46:32","slug":"lelekka-duo-phase-1-babykissen-en","status":"publish","type":"product","link":"https:\/\/www.lelekka.eu\/en\/shop\/anti-flat-head-baby-pillows\/lelekka-duo-phase-1-babykissen-en\/","title":{"rendered":"Lelekka Duo PHASE 1 Babykissen EN"},"content":{"rendered":"<p><strong>EN<\/strong><\/p>\n<p>Das ergonomische Babykissen Lelekka DUO beugt lagerungsbedingten Sch\u00e4delverformungen effektiv vor bzw. mindert diese und unterst\u00fctzt somit, dank der optimalen Formgebung, die nat\u00fcrliche Kopfform Ihres Kindes. Die zwei integrierten Mulden gew\u00e4hrleisten eine verl\u00e4ngerte Nutzungsdauer von Geburt bis ca. 1 Jahr.<br \/>\nLIEFERUMFANG: 1 x Lagerungskissen Lelekka DUO ; 2 x Kissenbezug &#8211; Zwei abnehmbare und waschbare Bez\u00fcge sind inklusive, damit Ihr Kissen immer sauber und frisch bleibt.<br \/>\nDeutlich verringertes Risiko von Kopfverformungen durch R\u00fcckenlage Reduziert Druck auf den Hinterkopf des S\u00e4uglings Optimale Lagerung und Positionierung des Kopfes<br \/>\nALOE VERA wirkt antiallergisch, antibakteriell und hautfreundlich w\u00e4hrend dem Schlaf Angenehm weich, leicht und bequem Besserer und ruhigerer Schlaf Waschbar und hygienisch<br \/>\nMATERIAL: Inlett &#8211; 100% Baumwolle mit Aloe Vera Bezug: 100% Baumwolle F\u00fcllung: Polyester-Hohlfaserb\u00e4llchen Bezug: 100 % Baumwolle, waschbar bei 40\u00b0 Inlett mit F\u00fcllung komplett waschbar bei 40\u00b0 (im W\u00e4schesack)<\/p>\n","protected":false},"excerpt":{"rendered":"<p><strong>EN<\/strong><\/p>\n<p>Das ergonomische Babykissen Lelekka DUO beugt lagerungsbedingten Sch\u00e4delverformungen effektiv vor bzw. mindert diese und unterst\u00fctzt somit, dank der optimalen Formgebung, die nat\u00fcrliche Kopfform Ihres Kindes. Die zwei integrierten Mulden gew\u00e4hrleisten eine verl\u00e4ngerte Nutzungsdauer von Geburt bis ca. 1 Jahr.<\/p>\n","protected":false},"featured_media":814,"comment_status":"open","ping_status":"closed","template":"","meta":[],"product_brand":[],"product_cat":[136],"product_tag":[],"class_list":{"0":"post-813","1":"product","2":"type-product","3":"status-publish","4":"has-post-thumbnail","6":"product_cat-anti-flat-head-baby-pillows","8":"first","9":"instock","10":"taxable","11":"shipping-taxable","12":"purchasable","13":"product-type-simple"},"_links":{"self":[{"href":"https:\/\/www.lelekka.eu\/en\/wp-json\/wp\/v2\/product\/813","targetHints":{"allow":["GET"]}}],"collection":[{"href":"https:\/\/www.lelekka.eu\/en\/wp-json\/wp\/v2\/product"}],"about":[{"href":"https:\/\/www.lelekka.eu\/en\/wp-json\/wp\/v2\/types\/product"}],"replies":[{"embeddable":true,"href":"https:\/\/www.lelekka.eu\/en\/wp-json\/wp\/v2\/comments?post=813"}],"wp:featuredmedia":[{"embeddable":true,"href":"https:\/\/www.lelekka.eu\/en\/wp-json\/wp\/v2\/media\/814"}],"wp:attachment":[{"href":"https:\/\/www.lelekka.eu\/en\/wp-json\/wp\/v2\/media?parent=813"}],"wp:term":[{"taxonomy":"product_brand","embeddable":true,"href":"https:\/\/www.lelekka.eu\/en\/wp-json\/wp\/v2\/product_brand?post=813"},{"taxonomy":"product_cat","embeddable":true,"href":"https:\/\/www.lelekka.eu\/en\/wp-json\/wp\/v2\/product_cat?post=813"},{"taxonomy":"product_tag","embeddable":true,"href":"https:\/\/www.lelekka.eu\/en\/wp-json\/wp\/v2\/product_tag?post=813"}],"curies":[{"name":"wp","href":"https:\/\/api.w.org\/{rel}","templated":true}]}}