{"id":964,"date":"2020-11-12T10:56:18","date_gmt":"2020-11-12T09:56:18","guid":{"rendered":"https:\/\/www.lelekka.eu\/?post_type=product&#038;p=964"},"modified":"2024-06-20T09:26:15","modified_gmt":"2024-06-20T07:26:15","slug":"6er-pack-sparset-lelekka-standard-glasflasche-mit-rund-sauger-aus-latex-groesse-m-milch-ab-geburt-240-ml-naturlatex-kopie","status":"publish","type":"product","link":"https:\/\/www.lelekka.eu\/de\/shop\/babyflaschen-sauger\/6er-pack-sparset-lelekka-standard-glasflasche-mit-rund-sauger-aus-latex-groesse-m-milch-ab-geburt-240-ml-naturlatex-kopie\/","title":{"rendered":"6er Pack Sparset Lelekka\u00ae Standard Glasflasche mit Rund Sauger aus Latex, Gr\u00f6\u00dfe M, Milch, ab Geburt, 240 ml, Naturlatex"},"content":{"rendered":"<ul class=\"a-unordered-list a-vertical a-spacing-mini\">\n<li><span class=\"a-list-item\">Ergonomisch geformte Standardflasche aus Glas: auslaufsicher, einfaches Bef\u00fcllen und Reinigen. Auslaufsicherer Transport durch Blinddeckel<\/span><\/li>\n<li><span class=\"a-list-item\">Die Lelekka-Glasflasche ist hitzebest\u00e4ndig und best\u00e4ndig gegen Temperaturschock. Sie kann daher sicher im K\u00fchlschrank aufbewahrt &#8211; werden und l\u00e4sst sich leicht erw\u00e4rmen. Sie ist zudem zum Sterilisieren geeignet.<\/span><\/li>\n<li><span class=\"a-list-item\">Lelekka Naturlatex Rund Sauger Gr. M (Milch): Besonders stillfreundlich durch kirschrunde Naturform, entspricht m\u00fctterlicher Brustwarze. Beugt Saugverwirrungen vor. Die breite Lippenauflage sind der Mutterbrust nah und sorgen dadurch f\u00fcr ein besonders nat\u00fcrliches Sauggef\u00fchl.<\/span><\/li>\n<li><span class=\"a-list-item\">Praktischer Lieferumfang: Lelekka Glasflasche mit Schutzkappe, Blinddeckel und Latex-Sauger Gr. M (0+ Monate), sp\u00fclmaschinengeeignet<\/span><\/li>\n<li><span class=\"a-list-item\">Lieferumfang: 6 x Glasflasche 240 ml mit Latexsauger Gr\u00f6\u00dfe M in Premium Qualit\u00e4t &#8211; MADE IN GERMANY<\/span><\/li>\n<\/ul>\n","protected":false},"excerpt":{"rendered":"<p>Ergonomisch geformte Standardflasche aus Glas: auslaufsicher, einfaches Bef\u00fcllen und Reinigen. Auslaufsicherer Transport durch Blinddeckel<br \/>\nDie Lelekka-Glasflasche ist hitzebest\u00e4ndig und best\u00e4ndig gegen Temperaturschock. Sie kann daher sicher im K\u00fchlschrank aufbewahrt &#8211; werden und l\u00e4sst sich leicht erw\u00e4rmen. Sie ist zudem zum Sterilisieren geeignet.<\/p>\n","protected":false},"featured_media":966,"comment_status":"open","ping_status":"closed","template":"","meta":[],"product_brand":[],"product_cat":[82],"product_tag":[],"class_list":{"0":"post-964","1":"product","2":"type-product","3":"status-publish","4":"has-post-thumbnail","6":"product_cat-babyflaschen-sauger","8":"first","9":"instock","10":"taxable","11":"shipping-taxable","12":"purchasable","13":"product-type-simple"},"_links":{"self":[{"href":"https:\/\/www.lelekka.eu\/de\/wp-json\/wp\/v2\/product\/964","targetHints":{"allow":["GET"]}}],"collection":[{"href":"https:\/\/www.lelekka.eu\/de\/wp-json\/wp\/v2\/product"}],"about":[{"href":"https:\/\/www.lelekka.eu\/de\/wp-json\/wp\/v2\/types\/product"}],"replies":[{"embeddable":true,"href":"https:\/\/www.lelekka.eu\/de\/wp-json\/wp\/v2\/comments?post=964"}],"wp:featuredmedia":[{"embeddable":true,"href":"https:\/\/www.lelekka.eu\/de\/wp-json\/wp\/v2\/media\/966"}],"wp:attachment":[{"href":"https:\/\/www.lelekka.eu\/de\/wp-json\/wp\/v2\/media?parent=964"}],"wp:term":[{"taxonomy":"product_brand","embeddable":true,"href":"https:\/\/www.lelekka.eu\/de\/wp-json\/wp\/v2\/product_brand?post=964"},{"taxonomy":"product_cat","embeddable":true,"href":"https:\/\/www.lelekka.eu\/de\/wp-json\/wp\/v2\/product_cat?post=964"},{"taxonomy":"product_tag","embeddable":true,"href":"https:\/\/www.lelekka.eu\/de\/wp-json\/wp\/v2\/product_tag?post=964"}],"curies":[{"name":"wp","href":"https:\/\/api.w.org\/{rel}","templated":true}]}}