{"id":884,"date":"2020-07-15T08:20:22","date_gmt":"2020-07-15T06:20:22","guid":{"rendered":"https:\/\/www.lelekka.eu\/?post_type=product&#038;p=884"},"modified":"2020-08-05T11:09:23","modified_gmt":"2020-08-05T09:09:23","slug":"lelekka-holz-schnullerkette","status":"publish","type":"product","link":"https:\/\/www.lelekka.eu\/de\/shop\/holzprodukte\/lelekka-holz-schnullerkette\/","title":{"rendered":"Lelekka Holz-Schnullerkette mit Schlaufe, mit Bienenwachs behandelt, 21 cm"},"content":{"rendered":"<p><strong>Lelekka Holz-Schnullerkette mit Schlaufe, mit Bienenwachs behandelt, Handarbeit, L\u00e4nge 21 cm<\/strong><\/p>\n<p>&#8211; Zur Befestigung von Bei\u00dfringen und Schnullern. LELEKKA Schnullerketten werden einfach an der Babykleidung angeclippt, so geht der Schnuller nicht verloren<br \/>\n&#8211; L\u00e4nge der Schnullerkette betr\u00e4gt 21 cm. Material: 100 % heimische H\u00f6lzer.<br \/>\n&#8211; Entspricht der DIN EN 12586: 2007<br \/>\n&#8211; MADE IN GERMANY \u2013 Alle LELEKKA-Produkte werden ausschlie\u00dflich in Europa unter fairen Produktionsbedingungen hergestellt.<br \/>\n&#8211; LIEFERUMFANG: 1 Schnullerkette<\/p>\n","protected":false},"excerpt":{"rendered":"<p>Zur Befestigung von Bei\u00dfringen und Schnullern. LELEKKA Schnullerketten werden einfach an der Babykleidung angeclippt, so geht der Schnuller nicht verloren<\/p>\n","protected":false},"featured_media":929,"comment_status":"open","ping_status":"closed","template":"","meta":[],"product_brand":[],"product_cat":[172],"product_tag":[],"class_list":{"0":"post-884","1":"product","2":"type-product","3":"status-publish","4":"has-post-thumbnail","6":"product_cat-holzprodukte","8":"first","9":"instock","10":"taxable","11":"shipping-taxable","12":"purchasable","13":"product-type-simple"},"_links":{"self":[{"href":"https:\/\/www.lelekka.eu\/de\/wp-json\/wp\/v2\/product\/884","targetHints":{"allow":["GET"]}}],"collection":[{"href":"https:\/\/www.lelekka.eu\/de\/wp-json\/wp\/v2\/product"}],"about":[{"href":"https:\/\/www.lelekka.eu\/de\/wp-json\/wp\/v2\/types\/product"}],"replies":[{"embeddable":true,"href":"https:\/\/www.lelekka.eu\/de\/wp-json\/wp\/v2\/comments?post=884"}],"wp:featuredmedia":[{"embeddable":true,"href":"https:\/\/www.lelekka.eu\/de\/wp-json\/wp\/v2\/media\/929"}],"wp:attachment":[{"href":"https:\/\/www.lelekka.eu\/de\/wp-json\/wp\/v2\/media?parent=884"}],"wp:term":[{"taxonomy":"product_brand","embeddable":true,"href":"https:\/\/www.lelekka.eu\/de\/wp-json\/wp\/v2\/product_brand?post=884"},{"taxonomy":"product_cat","embeddable":true,"href":"https:\/\/www.lelekka.eu\/de\/wp-json\/wp\/v2\/product_cat?post=884"},{"taxonomy":"product_tag","embeddable":true,"href":"https:\/\/www.lelekka.eu\/de\/wp-json\/wp\/v2\/product_tag?post=884"}],"curies":[{"name":"wp","href":"https:\/\/api.w.org\/{rel}","templated":true}]}}