{"id":1335,"date":"2023-09-01T11:24:30","date_gmt":"2023-09-01T09:24:30","guid":{"rendered":"https:\/\/www.lelekka.eu\/?post_type=product&#038;p=1335"},"modified":"2023-09-01T11:38:08","modified_gmt":"2023-09-01T09:38:08","slug":"lelekka-naturlatex-rund-sauger-gr-m-4er-pack-mittlere-sauglochgroesse-fuer-milch-baby-nahrung","status":"publish","type":"product","link":"https:\/\/www.lelekka.eu\/de\/shop\/babyflaschen-sauger\/lelekka-naturlatex-rund-sauger-gr-m-4er-pack-mittlere-sauglochgroesse-fuer-milch-baby-nahrung\/","title":{"rendered":"Lelekka\u00ae Naturlatex Rund Sauger Gr. M, 4er Pack, mittlere Sauglochgr\u00f6\u00dfe f\u00fcr Milch &#038; Baby-Nahrung"},"content":{"rendered":"<p>\u2605 Lelekka Latex Naturlatex Rund Sauger Gr. M (Milch &amp; Baby-Nahrung) 4er Pack &#8211; MADE IN GERMANY<br \/>\n\u2605 Der Lelekka-Flaschensauger passt mit seinem Durchmesser von 40 mm auf jede handels\u00fcbliche STANDARDFLASCHE<br \/>\n\u2605 Besonders stillfreundlich durch kirschrunde Naturform, entspricht m\u00fctterlicher Brustwarze. Beugt Saugverwirrungen vor.<br \/>\n\u2605 Die breite Lippenauflage sind der Mutterbrust nah und sorgen dadurch f\u00fcr ein besonders nat\u00fcrliches Sauggef\u00fchl.<br \/>\n\u2605 Lieferumfang: 4 St\u00fcck \/ Vor jeder Anwendung 5 Minuten auskochen. Aus hygienischen Gr\u00fcnden den Flaschensauger alle 1-2 Monate ersetzen<\/p>\n","protected":false},"excerpt":{"rendered":"<p>Der Lelekka Latex Naturlatex Sauger aus 100% Naturlatex eignet sich f\u00fcr Milch, Baby-Nahrung, Tee und Wasser, geeignet ab der Geburt.<br \/>\nDer Rundsauger aus weichem Latex sorgt f\u00fcr eine breite Lippenauflage \u2013 und so f\u00fcr ein besonders nat\u00fcrliches Sauggef\u00fchl. Der Saugerrand ist dabei extra dick. Naturform entspricht m\u00fctterlicher Brustwarze. Beugt Saugverwirrungen vor.<br \/>\nDer Lelekka-Flaschensauger passt mit seinem Durchmesser von 40 mm auf jede handels\u00fcbliche STANDARDFLASCHE<\/p>\n","protected":false},"featured_media":1337,"comment_status":"open","ping_status":"closed","template":"","meta":[],"product_brand":[],"product_cat":[82],"product_tag":[],"class_list":{"0":"post-1335","1":"product","2":"type-product","3":"status-publish","4":"has-post-thumbnail","6":"product_cat-babyflaschen-sauger","8":"first","9":"instock","10":"taxable","11":"shipping-taxable","12":"purchasable","13":"product-type-simple"},"_links":{"self":[{"href":"https:\/\/www.lelekka.eu\/de\/wp-json\/wp\/v2\/product\/1335","targetHints":{"allow":["GET"]}}],"collection":[{"href":"https:\/\/www.lelekka.eu\/de\/wp-json\/wp\/v2\/product"}],"about":[{"href":"https:\/\/www.lelekka.eu\/de\/wp-json\/wp\/v2\/types\/product"}],"replies":[{"embeddable":true,"href":"https:\/\/www.lelekka.eu\/de\/wp-json\/wp\/v2\/comments?post=1335"}],"wp:featuredmedia":[{"embeddable":true,"href":"https:\/\/www.lelekka.eu\/de\/wp-json\/wp\/v2\/media\/1337"}],"wp:attachment":[{"href":"https:\/\/www.lelekka.eu\/de\/wp-json\/wp\/v2\/media?parent=1335"}],"wp:term":[{"taxonomy":"product_brand","embeddable":true,"href":"https:\/\/www.lelekka.eu\/de\/wp-json\/wp\/v2\/product_brand?post=1335"},{"taxonomy":"product_cat","embeddable":true,"href":"https:\/\/www.lelekka.eu\/de\/wp-json\/wp\/v2\/product_cat?post=1335"},{"taxonomy":"product_tag","embeddable":true,"href":"https:\/\/www.lelekka.eu\/de\/wp-json\/wp\/v2\/product_tag?post=1335"}],"curies":[{"name":"wp","href":"https:\/\/api.w.org\/{rel}","templated":true}]}}