{"id":1061,"date":"2021-11-24T11:04:45","date_gmt":"2021-11-24T10:04:45","guid":{"rendered":"https:\/\/www.lelekka.eu\/?post_type=product&#038;p=1061"},"modified":"2024-05-16T10:40:32","modified_gmt":"2024-05-16T08:40:32","slug":"lelekka-duo-phase-ii-babykissen-2-in-1-gr-2-ab-6-kg-gr-3-ab-8-kg-royalty-turquoise","status":"publish","type":"product","link":"https:\/\/www.lelekka.eu\/de\/shop\/babykissen-gegen-plattkopf\/lelekka-duo-phase-ii-babykissen-2-in-1-gr-2-ab-6-kg-gr-3-ab-8-kg-royalty-turquoise\/","title":{"rendered":"Lelekka\u00ae Duo PHASE II Babykissen 2-in-1 (Gr.2 ab 6 kg + Gr. 3 ab 8 kg) &#8222;Royalty Turquoise&#8220;"},"content":{"rendered":"<p>\u2705 Das ergonomische Babykissen Lelekka DUO beugt lagerungsbedingten Sch\u00e4delverformungen effektiv vor bzw. mindert diese und unterst\u00fctzt somit, dank der optimalen Formgebung, die nat\u00fcrliche Kopfform Ihres Kindes. Die zwei integrierten Mulden gew\u00e4hrleisten eine verl\u00e4ngerte Nutzungsdauer des Kissens.<br \/>\n\u2705 LIEFERUMFANG: 1 x Lagerungskissen Lelekka DUO Phase II ; 2 x Kissenbezug &#8211; Zwei abnehmbare und waschbare Bez\u00fcge sind inklusive, damit Ihr Kissen immer sauber und frisch bleibt.<br \/>\n\u2705 Deutlich verringertes Risiko von Kopfverformungen durch R\u00fcckenlage Reduziert Druck auf den Hinterkopf des S\u00e4uglings Optimale Lagerung und Positionierung des Kopfes<br \/>\n\u2705 ALOE VERA wirkt antiallergisch, antibakteriell und hautfreundlich w\u00e4hrend dem Schlaf Angenehm weich, leicht und bequem Besserer und ruhigerer Schlaf Waschbar und hygienisch MATERIAL: Inlett &#8211; 100% Baumwolle mit Aloe Vera Bezug: 100% Baumwolle F\u00fcllung: Polyester-Hohlfaserb\u00e4llchen Bezug: 100 % Baumwolle, waschbar bei 40\u00b0 Inlett mit F\u00fcllung komplett waschbar bei 40\u00b0 (im W\u00e4schesack)<br \/>\n<img decoding=\"async\" class=\"emoji\" role=\"img\" draggable=\"false\" src=\"https:\/\/s.w.org\/images\/core\/emoji\/13.1.0\/svg\/1f4de.svg\" alt=\"\ud83d\udcde\" \/> BESTER SERVICE: Sie k\u00f6nnen Ihr Kissen bis zu 30 Tage nach Erhalt ohne Probleme zur\u00fcckschicken.<\/p>\n","protected":false},"excerpt":{"rendered":"<p>Lelekka Duo PHASE II Babykissen 2-in-1 (Gr.2 ab 6 kg + Gr. 3 ab 8 kg) inkl. 2 Bez\u00fcgen. Orthop\u00e4disches ALOE VERA Baby-Kopfkissen gegen Verformung des Hinterkopfs gegen Plagiozephalie (Plattkopf)<\/p>\n","protected":false},"featured_media":1063,"comment_status":"open","ping_status":"closed","template":"","meta":[],"product_brand":[],"product_cat":[83],"product_tag":[],"class_list":{"0":"post-1061","1":"product","2":"type-product","3":"status-publish","4":"has-post-thumbnail","6":"product_cat-babykissen-gegen-plattkopf","8":"first","9":"instock","10":"sale","11":"taxable","12":"shipping-taxable","13":"purchasable","14":"product-type-simple"},"_links":{"self":[{"href":"https:\/\/www.lelekka.eu\/de\/wp-json\/wp\/v2\/product\/1061","targetHints":{"allow":["GET"]}}],"collection":[{"href":"https:\/\/www.lelekka.eu\/de\/wp-json\/wp\/v2\/product"}],"about":[{"href":"https:\/\/www.lelekka.eu\/de\/wp-json\/wp\/v2\/types\/product"}],"replies":[{"embeddable":true,"href":"https:\/\/www.lelekka.eu\/de\/wp-json\/wp\/v2\/comments?post=1061"}],"wp:featuredmedia":[{"embeddable":true,"href":"https:\/\/www.lelekka.eu\/de\/wp-json\/wp\/v2\/media\/1063"}],"wp:attachment":[{"href":"https:\/\/www.lelekka.eu\/de\/wp-json\/wp\/v2\/media?parent=1061"}],"wp:term":[{"taxonomy":"product_brand","embeddable":true,"href":"https:\/\/www.lelekka.eu\/de\/wp-json\/wp\/v2\/product_brand?post=1061"},{"taxonomy":"product_cat","embeddable":true,"href":"https:\/\/www.lelekka.eu\/de\/wp-json\/wp\/v2\/product_cat?post=1061"},{"taxonomy":"product_tag","embeddable":true,"href":"https:\/\/www.lelekka.eu\/de\/wp-json\/wp\/v2\/product_tag?post=1061"}],"curies":[{"name":"wp","href":"https:\/\/api.w.org\/{rel}","templated":true}]}}