{"id":1012,"date":"2021-11-22T11:01:16","date_gmt":"2021-11-22T10:01:16","guid":{"rendered":"https:\/\/www.lelekka.eu\/?post_type=product&#038;p=1012"},"modified":"2021-11-22T11:08:54","modified_gmt":"2021-11-22T10:08:54","slug":"lelekka-gr-3-ab-8-kg-babykissen-gegen-verformung-plattkopf-grey-stars","status":"publish","type":"product","link":"https:\/\/www.lelekka.eu\/de\/shop\/babykissen-gegen-plattkopf\/lelekka-gr-3-ab-8-kg-babykissen-gegen-verformung-plattkopf-grey-stars\/","title":{"rendered":"Lelekka\u00ae Gr. 3 (ab 8 kg) Babykissen gegen Verformung &#038; Plattkopf &#8222;Grey Stars&#8220;"},"content":{"rendered":"<p>\u2705 LELEKKA My First Pillow Babykopfkissen Gr. 3 (ab 8 kg) &#8211; Das ergonomische Babykissen My First Pillow beugt lagerungsbedingten Sch\u00e4delverformungen effektiv vor bzw. mindert diese und unterst\u00fctzt somit, dank der optimalen Formgebung, die nat\u00fcrliche Kopfform Ihres Kindes<br \/>\n\u2705 LIEFERUMFANG: 1 x Lagerungskissen Gr. 3 ; 2 x Kissenbezug &#8211; Zwei abnehmbare und waschbare Bez\u00fcge sind inklusive, damit Ihr Kissen immer sauber und frisch bleibt.<br \/>\n\u2705 deutlich verringertes Risiko von Kopfverformungen durch R\u00fcckenlage reduziert Druck auf den Hinterkopf des S\u00e4uglings optimale Lagerung und Positionierung des Kopfes<br \/>\n\u2705 ALOE VERA wirkt antiallergisch, antibakteriell und hautfreundlich w\u00e4hrend dem Schlaf angenehm weich, leicht und bequem besserer und ruhigerer Schlaf waschbar und hygienisch<br \/>\n\u2705 Material: Inlett &#8211; 100% Baumwolle mit Aloe Vera Bezug &#8211; 100% Baumwolle F\u00fcllung Polyester-Hohlfaserb\u00e4llchen Bezug: 100 % Baumwolle, waschbar bei 40\u00b0 Inlett mit F\u00fcllung komplett waschbar bei 40\u00b0 (im W\u00e4schesack)<br \/>\n<span class=\"a-list-item\">\ud83d\udcde<\/span> BESTER SERVICE: Sie k\u00f6nnen Ihr Kissen bis zu 30 Tage nach Erhalt ohne Probleme zur\u00fcckschicken.<\/p>\n","protected":false},"excerpt":{"rendered":"<p>LELEKKA My First Pillow Babykopfkissen Gr. 3 (ab 8 kg) &#8211; Das ergonomische Babykissen My First Pillow beugt lagerungsbedingten Sch\u00e4delverformungen effektiv vor bzw. mindert diese und unterst\u00fctzt somit, dank der optimalen Formgebung, die nat\u00fcrliche Kopfform Ihres Kindes<\/p>\n","protected":false},"featured_media":1014,"comment_status":"open","ping_status":"closed","template":"","meta":[],"product_brand":[],"product_cat":[83],"product_tag":[],"class_list":{"0":"post-1012","1":"product","2":"type-product","3":"status-publish","4":"has-post-thumbnail","6":"product_cat-babykissen-gegen-plattkopf","8":"first","9":"instock","10":"sale","11":"taxable","12":"shipping-taxable","13":"purchasable","14":"product-type-simple"},"_links":{"self":[{"href":"https:\/\/www.lelekka.eu\/de\/wp-json\/wp\/v2\/product\/1012","targetHints":{"allow":["GET"]}}],"collection":[{"href":"https:\/\/www.lelekka.eu\/de\/wp-json\/wp\/v2\/product"}],"about":[{"href":"https:\/\/www.lelekka.eu\/de\/wp-json\/wp\/v2\/types\/product"}],"replies":[{"embeddable":true,"href":"https:\/\/www.lelekka.eu\/de\/wp-json\/wp\/v2\/comments?post=1012"}],"wp:featuredmedia":[{"embeddable":true,"href":"https:\/\/www.lelekka.eu\/de\/wp-json\/wp\/v2\/media\/1014"}],"wp:attachment":[{"href":"https:\/\/www.lelekka.eu\/de\/wp-json\/wp\/v2\/media?parent=1012"}],"wp:term":[{"taxonomy":"product_brand","embeddable":true,"href":"https:\/\/www.lelekka.eu\/de\/wp-json\/wp\/v2\/product_brand?post=1012"},{"taxonomy":"product_cat","embeddable":true,"href":"https:\/\/www.lelekka.eu\/de\/wp-json\/wp\/v2\/product_cat?post=1012"},{"taxonomy":"product_tag","embeddable":true,"href":"https:\/\/www.lelekka.eu\/de\/wp-json\/wp\/v2\/product_tag?post=1012"}],"curies":[{"name":"wp","href":"https:\/\/api.w.org\/{rel}","templated":true}]}}