{"id":309,"date":"2019-11-25T14:36:54","date_gmt":"2019-11-25T13:36:54","guid":{"rendered":"https:\/\/www.lelekka.eu\/?page_id=309"},"modified":"2025-11-07T11:49:27","modified_gmt":"2025-11-07T10:49:27","slug":"liefer-und-versandkosten","status":"publish","type":"page","link":"https:\/\/www.lelekka.eu\/de\/liefer-und-versandkosten\/","title":{"rendered":"Liefer- und Versandkosten"},"content":{"rendered":"\n<h1>Liefer- und Versandkosten<\/h1>\n\n<p>F\u00fcr Kunden aus Deutschland versenden wir ab einem Bestellwert von <strong>40,00 EUR versandkostenfrei<\/strong>. \nBei einem Bestellwert unter 40,00 EUR berechnen wir eine Versandpauschale von <strong>4,95 EUR<\/strong>.<\/p>\n\n<p>Unsere Bestellungen werden in der Regel innerhalb von 24 Stunden versandt und an unseren Logistikpartner DHL \u00fcbergeben. \nLelekka-Germany liefert ausschlie\u00dflich als versicherte Pakete.<\/p>\n\n<h2>Zahlungsm\u00f6glichkeiten<\/h2>\n<p>In unserem Shop k\u00f6nnen Sie zwischen den folgenden Zahlungsarten w\u00e4hlen:<\/p>\n\n<ul>\n  <li><strong>Kreditkarte<\/strong> \u2013 Sie k\u00f6nnen bequem mit Ihrer Kreditkarte (Visa oder Mastercard) bezahlen. Die Belastung Ihres Kreditkartenkontos erfolgt unmittelbar nach Abschluss des Bestellvorgangs.<\/li>\n  <li><strong>Bank\u00fcberweisung \/ Vorauskasse<\/strong> \u2013 Bei dieser Zahlungsart \u00fcberweisen Sie den Rechnungsbetrag vorab. Nach Zahlungseingang wird Ihre Bestellung umgehend versandt. Wir gew\u00e4hren Ihnen bei dieser Zahlungsart <strong>5 % Skonto<\/strong> auf den Warenwert. Der Skontobetrag wird am Ende des Bestellvorgangs automatisch von Ihrem Rechnungsbetrag abgezogen.<\/li>\n  <li><strong>Nachnahme<\/strong> \u2013 Sie bezahlen den Rechnungsbetrag direkt bei Erhalt der Sendung. Hierbei f\u00e4llt eine zus\u00e4tzliche Nachnahmegeb\u00fchr von <strong>7,50 EUR<\/strong> an. Bitte beachten Sie, dass der Zusteller den vollen Rechnungsbetrag einschlie\u00dflich Nachnahmegeb\u00fchr bereith\u00e4lt.<\/li>\n  <li><strong>PayPal<\/strong> \u2013 Bei Zahlung \u00fcber PayPal gew\u00e4hren wir <strong>3 % Skonto<\/strong> auf den Warenwert. Der Skontobetrag wird automatisch am Ende des Bestellvorgangs von Ihrem Rechnungsbetrag abgezogen.<\/li>\n<\/ul>\n\n<h2>Lieferzeiten<\/h2>\n<p>Die Lieferzeit innerhalb Deutschlands betr\u00e4gt in der Regel <strong>2-3 Werktage<\/strong> ab Zahlungseingang. \nInnerhalb der EU betr\u00e4gt die Lieferzeit ca. <strong>3\u20139 Werktage<\/strong>.<\/p>\n\n<p><em>Stand: November 2025<\/em><\/p>\n\n","protected":false},"excerpt":{"rendered":"<p>Liefer- und Versandkosten F\u00fcr Kunden aus Deutschland versenden wir ab einem Bestellwert von 40,00 EUR versandkostenfrei. Bei einem Bestellwert unter 40,00 EUR berechnen wir eine Versandpauschale von 4,95 EUR. Unsere Bestellungen werden in der Regel innerhalb von 24 Stunden versandt und an unseren Logistikpartner DHL \u00fcbergeben. Lelekka-Germany liefert ausschlie\u00dflich als versicherte Pakete. Zahlungsm\u00f6glichkeiten In unserem [&#8230;]\n","protected":false},"author":1,"featured_media":0,"parent":0,"menu_order":0,"comment_status":"closed","ping_status":"closed","template":"","meta":{"footnotes":""},"class_list":["post-309","page","type-page","status-publish","hentry"],"_links":{"self":[{"href":"https:\/\/www.lelekka.eu\/de\/wp-json\/wp\/v2\/pages\/309","targetHints":{"allow":["GET"]}}],"collection":[{"href":"https:\/\/www.lelekka.eu\/de\/wp-json\/wp\/v2\/pages"}],"about":[{"href":"https:\/\/www.lelekka.eu\/de\/wp-json\/wp\/v2\/types\/page"}],"author":[{"embeddable":true,"href":"https:\/\/www.lelekka.eu\/de\/wp-json\/wp\/v2\/users\/1"}],"replies":[{"embeddable":true,"href":"https:\/\/www.lelekka.eu\/de\/wp-json\/wp\/v2\/comments?post=309"}],"version-history":[{"count":9,"href":"https:\/\/www.lelekka.eu\/de\/wp-json\/wp\/v2\/pages\/309\/revisions"}],"predecessor-version":[{"id":1634,"href":"https:\/\/www.lelekka.eu\/de\/wp-json\/wp\/v2\/pages\/309\/revisions\/1634"}],"wp:attachment":[{"href":"https:\/\/www.lelekka.eu\/de\/wp-json\/wp\/v2\/media?parent=309"}],"curies":[{"name":"wp","href":"https:\/\/api.w.org\/{rel}","templated":true}]}}