{"id":302,"date":"2019-11-25T14:32:54","date_gmt":"2019-11-25T13:32:54","guid":{"rendered":"https:\/\/www.lelekka.eu\/?page_id=302"},"modified":"2025-11-07T11:06:10","modified_gmt":"2025-11-07T10:06:10","slug":"impressum","status":"publish","type":"page","link":"https:\/\/www.lelekka.eu\/de\/impressum\/","title":{"rendered":"Impressum"},"content":{"rendered":"\n<h1>Impressum<\/h1>\n<p><strong>Angaben gem\u00e4\u00df \u00a7 5 TMG:<\/strong><\/p>\n\n<p>\n  <strong>Babyconcept-Erfurt e.K.<\/strong><br>\n  Inhaber: Andrii Savenko<br>\n  Moritzstra\u00dfe 30<br>\n  99084 Erfurt<br>\n  Deutschland\n<\/p>\n\n<p>\n  Telefon: 0361 \/ 381 72 70<br>\n  Telefax: 0361 \/ 789 72 3 72<br>\n  E-Mail: <a href=\"mailto:info@lelekka.eu\">info@lelekka.eu<\/a>\n<\/p>\n\n<p>\n  Registergericht: Amtsgericht Jena<br>\n  Registernummer: HRA 503473<br>\n  Umsatzsteuer-Identifikationsnummer gem\u00e4\u00df \u00a7 27 a UStG: DE 252 245 376\n<\/p>\n\n<hr>\n\n<h2>Haftungsausschluss<\/h2>\n<h3>Haftung f\u00fcr Inhalte<\/h3>\n<p>Als Diensteanbieter sind wir gem\u00e4\u00df \u00a7 7 Abs. 1 TMG f\u00fcr eigene Inhalte auf diesen Seiten nach den allgemeinen Gesetzen verantwortlich. Nach \u00a7\u00a7 8 bis 10 TMG sind wir als Diensteanbieter jedoch nicht verpflichtet, \u00fcbermittelte oder gespeicherte fremde Informationen zu \u00fcberwachen oder nach Umst\u00e4nden zu forschen, die auf eine rechtswidrige T\u00e4tigkeit hinweisen. Verpflichtungen zur Entfernung oder Sperrung der Nutzung von Informationen nach den allgemeinen Gesetzen bleiben hiervon unber\u00fchrt. Eine diesbez\u00fcgliche Haftung ist jedoch erst ab dem Zeitpunkt der Kenntnis einer konkreten Rechtsverletzung m\u00f6glich. Bei Bekanntwerden entsprechender Rechtsverletzungen werden wir diese Inhalte umgehend entfernen.<\/p>\n\n<h3>Haftung f\u00fcr Links<\/h3>\n<p>Unser Angebot enth\u00e4lt Links zu externen Webseiten Dritter, auf deren Inhalte wir keinen Einfluss haben. Deshalb k\u00f6nnen wir f\u00fcr diese fremden Inhalte auch keine Gew\u00e4hr \u00fcbernehmen. F\u00fcr die Inhalte der verlinkten Seiten ist stets der jeweilige Anbieter oder Betreiber der Seiten verantwortlich. Rechtswidrige Inhalte waren zum Zeitpunkt der Verlinkung nicht erkennbar. Eine permanente inhaltliche Kontrolle der verlinkten Seiten ist jedoch ohne konkrete Anhaltspunkte einer Rechtsverletzung nicht zumutbar. Bei Bekanntwerden von Rechtsverletzungen werden wir derartige Links umgehend entfernen.<\/p>\n\n<h3>Urheberrecht<\/h3>\n<p>Die durch die Seitenbetreiber erstellten Inhalte und Werke auf diesen Seiten unterliegen dem deutschen Urheberrecht. Die Vervielf\u00e4ltigung, Bearbeitung, Verbreitung und jede Art der Verwertung au\u00dferhalb der Grenzen des Urheberrechts bed\u00fcrfen der schriftlichen Zustimmung des jeweiligen Autors bzw. Erstellers. Downloads und Kopien dieser Seite sind nur f\u00fcr den privaten, nicht kommerziellen Gebrauch gestattet. Soweit die Inhalte auf dieser Seite nicht vom Betreiber erstellt wurden, werden die Urheberrechte Dritter beachtet. Sollten Sie trotzdem auf eine Urheberrechtsverletzung aufmerksam werden, bitten wir um einen entsprechenden Hinweis. Bei Bekanntwerden von Rechtsverletzungen werden wir derartige Inhalte umgehend entfernen.<\/p>\n\n<hr>\n\n<h2>Streitbeilegung<\/h2>\n<p>Wir sind zur Teilnahme an einem Streitbeilegungsverfahren vor einer Verbraucherschlichtungsstelle weder verpflichtet noch bereit.<\/p>\n\n\n\n\n<p><br><p>\u00a0<\/p><\/p>\n","protected":false},"excerpt":{"rendered":"<p>Impressum Angaben gem\u00e4\u00df \u00a7 5 TMG: Babyconcept-Erfurt e.K. Inhaber: Andrii Savenko Moritzstra\u00dfe 30 99084 Erfurt Deutschland Telefon: 0361 \/ 381 72 70 Telefax: 0361 \/ 789 72 3 72 E-Mail: info@lelekka.eu Registergericht: Amtsgericht Jena Registernummer: HRA 503473 Umsatzsteuer-Identifikationsnummer gem\u00e4\u00df \u00a7 27 a UStG: DE 252 245 376 Haftungsausschluss Haftung f\u00fcr Inhalte Als Diensteanbieter sind wir [&#8230;]\n","protected":false},"author":1,"featured_media":0,"parent":0,"menu_order":0,"comment_status":"closed","ping_status":"closed","template":"","meta":{"footnotes":""},"class_list":["post-302","page","type-page","status-publish","hentry"],"_links":{"self":[{"href":"https:\/\/www.lelekka.eu\/de\/wp-json\/wp\/v2\/pages\/302","targetHints":{"allow":["GET"]}}],"collection":[{"href":"https:\/\/www.lelekka.eu\/de\/wp-json\/wp\/v2\/pages"}],"about":[{"href":"https:\/\/www.lelekka.eu\/de\/wp-json\/wp\/v2\/types\/page"}],"author":[{"embeddable":true,"href":"https:\/\/www.lelekka.eu\/de\/wp-json\/wp\/v2\/users\/1"}],"replies":[{"embeddable":true,"href":"https:\/\/www.lelekka.eu\/de\/wp-json\/wp\/v2\/comments?post=302"}],"version-history":[{"count":7,"href":"https:\/\/www.lelekka.eu\/de\/wp-json\/wp\/v2\/pages\/302\/revisions"}],"predecessor-version":[{"id":1615,"href":"https:\/\/www.lelekka.eu\/de\/wp-json\/wp\/v2\/pages\/302\/revisions\/1615"}],"wp:attachment":[{"href":"https:\/\/www.lelekka.eu\/de\/wp-json\/wp\/v2\/media?parent=302"}],"curies":[{"name":"wp","href":"https:\/\/api.w.org\/{rel}","templated":true}]}}