{"id":300,"date":"2019-11-25T14:31:31","date_gmt":"2019-11-25T13:31:31","guid":{"rendered":"https:\/\/www.lelekka.eu\/?page_id=300"},"modified":"2025-11-07T11:01:10","modified_gmt":"2025-11-07T10:01:10","slug":"widerrufsrecht","status":"publish","type":"page","link":"https:\/\/www.lelekka.eu\/de\/widerrufsrecht\/","title":{"rendered":"Widerrufsrecht"},"content":{"rendered":"\n<h1>Widerrufsbelehrung<\/h1>\n<p><em>Stand: September 2025<\/em><\/p>\n\n<h2>1. Widerrufsrecht f\u00fcr Verbraucher<\/h2>\n<p>Sie haben das Recht, binnen <strong>14 Tagen<\/strong> ohne Angabe von Gr\u00fcnden diesen Vertrag zu widerrufen. Die Widerrufsfrist betr\u00e4gt 14 Tage ab dem Tag, an dem Sie oder ein von Ihnen benannter Dritter, der nicht der Bef\u00f6rderer ist, die <strong>Ware<\/strong> (bei Teillieferungen die letzte Ware) in Besitz genommen haben.<\/p>\n\n<h3>Wie \u00fcbe ich den Widerruf aus?<\/h3>\n<p>Um Ihr Widerrufsrecht auszu\u00fcben, m\u00fcssen Sie uns mittels einer eindeutigen Erkl\u00e4rung (z.&nbsp;B. per E-Mail oder Brief) \u00fcber Ihren Entschluss, diesen Vertrag zu widerrufen, informieren:<\/p>\n<p>\n  <strong>Babyconcept-Erfurt e.K.<\/strong><br>\n  Moritzstra\u00dfe 30<br>\n  99084 Erfurt, Deutschland<br>\n  E-Mail: <a href=\"mailto:info@lelekka.eu\">info@lelekka.eu<\/a>\n<\/p>\n<p>Sie k\u00f6nnen daf\u00fcr das unten stehende <strong>Muster-Widerrufsformular<\/strong> verwenden; dies ist jedoch nicht vorgeschrieben. Zur Wahrung der Frist reicht es aus, dass Sie die Mitteilung \u00fcber die Aus\u00fcbung des Widerrufsrechts <strong>vor Ablauf der Widerrufsfrist absenden<\/strong>.<\/p>\n\n<h2>2. Folgen des Widerrufs<\/h2>\n<p>Wenn Sie diesen Vertrag widerrufen, erstatten wir Ihnen alle Zahlungen, die wir von Ihnen erhalten haben, <strong>einschlie\u00dflich<\/strong> der Lieferkosten der <strong>g\u00fcnstigsten Standardlieferung<\/strong>, unverz\u00fcglich und sp\u00e4testens binnen <strong>14 Tagen<\/strong> ab dem Tag, an dem die Mitteilung \u00fcber Ihren Widerruf bei uns eingegangen ist.<\/p>\n<ul>\n  <li>F\u00fcr diese R\u00fcckzahlung verwenden wir dasselbe Zahlungsmittel, das Sie bei der urspr\u00fcnglichen Transaktion eingesetzt haben, es sei denn, mit Ihnen wurde ausdr\u00fccklich etwas anderes vereinbart.<\/li>\n  <li>Wir k\u00f6nnen die R\u00fcckzahlung <strong>verweigern<\/strong>, bis wir die Waren wieder zur\u00fcckerhalten haben oder bis Sie den Nachweis erbracht haben, dass Sie die Waren zur\u00fcckgesandt haben \u2013 je nachdem, welches der fr\u00fchere Zeitpunkt ist.<\/li>\n<\/ul>\n\n<h2>3. R\u00fccksendung der Ware<\/h2>\n<ul>\n  <li>Sie haben die Waren <strong>unverz\u00fcglich und in jedem Fall sp\u00e4testens binnen 14 Tagen<\/strong> ab dem Tag, an dem Sie uns \u00fcber den Widerruf dieses Vertrags unterrichten, an uns zur\u00fcckzusenden oder zu \u00fcbergeben.<\/li>\n  <li>Die <strong>unmittelbaren Kosten der R\u00fccksendung<\/strong> tragen Sie.<\/li>\n  <li>Bitte verpacken Sie die Ware transportsicher; besch\u00e4digte oder benutzte Ware kann zu Wert\u00adersatz f\u00fchren, soweit ein Wertverlust auf einen zur Pr\u00fcfung der Beschaffenheit, Eigenschaften und Funktionsweise der Waren <em>nicht notwendigen<\/em> Umgang zur\u00fcckzuf\u00fchren ist.<\/li>\n<\/ul>\n\n<h2>4. Ausschl\u00fcsse \/ Erl\u00f6schen des Widerrufsrechts<\/h2>\n<p>Das Widerrufsrecht besteht nicht bzw. erlischt vorzeitig bei:<\/p>\n<ul>\n  <li><strong>versiegelten Waren<\/strong>, die aus Gr\u00fcnden des Gesundheitsschutzes oder der Hygiene nicht zur R\u00fcckgabe geeignet sind, wenn ihre Versiegelung nach der Lieferung entfernt wurde (z.&nbsp;B. Babyflaschen, Sauger\/Schnuller);<\/li>\n  <li><strong>Waren, die nicht vorgefertigt sind<\/strong> und f\u00fcr deren Herstellung eine individuelle Auswahl oder Bestimmung durch Sie ma\u00dfgeblich ist oder die eindeutig auf Ihre pers\u00f6nlichen Bed\u00fcrfnisse zugeschnitten sind (personalisierte Produkte).<\/li>\n<\/ul>\n\n<hr>\n\n<h2>Muster-Widerrufsformular<\/h2>\n<p>(Wenn Sie den Vertrag widerrufen wollen, dann f\u00fcllen Sie bitte dieses Formular aus und senden Sie es zur\u00fcck.)<\/p>\n\n<p>\n  An: <strong>Babyconcept-Erfurt e.K.<\/strong>, Moritzstra\u00dfe 30, 99084 Erfurt, Deutschland, \n  E-Mail: <a href=\"mailto:info@lelekka.eu\">info@lelekka.eu<\/a>\n<\/p>\n\n<p>Hiermit widerrufe(n) ich\/wir (*) den von mir\/uns (*) abgeschlossenen Vertrag \u00fcber den Kauf der folgenden Waren (*)\/ die Erbringung der folgenden Dienstleistung (*)<\/p>\n\n<p>Bestellt am (*) \/ erhalten am (*): ____________________________<\/p>\n<p>Name des\/der Verbraucher(s): ________________________________<\/p>\n<p>Anschrift des\/der Verbraucher(s): ____________________________<\/p>\n<p>Unterschrift des\/der Verbraucher(s) (nur bei Mitteilung auf Papier): ____________________________<\/p>\n<p>Datum: ____________________________<\/p>\n<p>(*) Unzutreffendes streichen.<\/p>\n\n<p><em>Hinweis: Diese Widerrufsbelehrung erg\u00e4nzt unsere \n<a href=\"https:\/\/www.lelekka.eu\/de\/allgemeine-geschaeftsbedingungen-mit-kundeninformationen\/\" rel=\"nofollow\">AGB<\/a>. \nInformationen zur R\u00fcckgabepraxis finden Sie zus\u00e4tzlich in unserer \n<a href=\"\/de\/rueckerstattung_rueckgaben\/\" rel=\"nofollow\">R\u00fcckgabe- und Erstattungsrichtlinie<\/a>.<\/em><\/p>\n\n","protected":false},"excerpt":{"rendered":"<p>Widerrufsbelehrung Stand: September 2025 1. Widerrufsrecht f\u00fcr Verbraucher Sie haben das Recht, binnen 14 Tagen ohne Angabe von Gr\u00fcnden diesen Vertrag zu widerrufen. Die Widerrufsfrist betr\u00e4gt 14 Tage ab dem Tag, an dem Sie oder ein von Ihnen benannter Dritter, der nicht der Bef\u00f6rderer ist, die Ware (bei Teillieferungen die letzte Ware) in Besitz genommen [&#8230;]\n","protected":false},"author":1,"featured_media":0,"parent":0,"menu_order":0,"comment_status":"closed","ping_status":"closed","template":"","meta":{"footnotes":""},"class_list":["post-300","page","type-page","status-publish","hentry"],"_links":{"self":[{"href":"https:\/\/www.lelekka.eu\/de\/wp-json\/wp\/v2\/pages\/300","targetHints":{"allow":["GET"]}}],"collection":[{"href":"https:\/\/www.lelekka.eu\/de\/wp-json\/wp\/v2\/pages"}],"about":[{"href":"https:\/\/www.lelekka.eu\/de\/wp-json\/wp\/v2\/types\/page"}],"author":[{"embeddable":true,"href":"https:\/\/www.lelekka.eu\/de\/wp-json\/wp\/v2\/users\/1"}],"replies":[{"embeddable":true,"href":"https:\/\/www.lelekka.eu\/de\/wp-json\/wp\/v2\/comments?post=300"}],"version-history":[{"count":6,"href":"https:\/\/www.lelekka.eu\/de\/wp-json\/wp\/v2\/pages\/300\/revisions"}],"predecessor-version":[{"id":1613,"href":"https:\/\/www.lelekka.eu\/de\/wp-json\/wp\/v2\/pages\/300\/revisions\/1613"}],"wp:attachment":[{"href":"https:\/\/www.lelekka.eu\/de\/wp-json\/wp\/v2\/media?parent=300"}],"curies":[{"name":"wp","href":"https:\/\/api.w.org\/{rel}","templated":true}]}}